{"id":3,"date":"2020-03-13T12:52:34","date_gmt":"2020-03-13T12:52:34","guid":{"rendered":"https:\/\/newsletter.elco.com.pl\/?page_id=3"},"modified":"2020-05-15T10:40:42","modified_gmt":"2020-05-15T10:40:42","slug":"polityka-prywatnosci","status":"publish","type":"page","link":"https:\/\/newsletter.elco.com.pl\/index.php\/polityka-prywatnosci\/","title":{"rendered":"Polityka prywatno\u015bci"},"content":{"rendered":"\r\n<h3 class=\"wp-block-heading\">Polityka prywatno\u015bci<\/h3>\r\n\r\n\r\n\r\n<ul class=\"wp-block-list\">\r\n<li><a href=\"https:\/\/newsletter.elco.com.pl\/wp-content\/uploads\/2020\/05\/Elco-Polityka-Prywatnosci-Informacja-Klient-Biznesowy.pdf\">Polityka prywatno\u015bci &#8211; Klient biznesowy.<\/a><br \/><br \/><\/li>\r\n<li><a href=\"https:\/\/newsletter.elco.com.pl\/wp-content\/uploads\/2020\/05\/Elco-Polityka-Prywatnosci-Informacja-Klient-Indywidualny.pdf\">Polityka prywatno\u015bci &#8211; Klient indywidualny.<\/a><\/li>\r\n<\/ul>\r\n\r\n\r\n\r\n<h3 class=\"wp-block-heading\">pliki cookies<\/h3>\r\n\r\n\r\n\r\n<p>Serwis wykorzystuje technologi\u0119 cookies w celu dostosowania serwisu do indywidualnych potrzeb.<br \/>Mo\u017cna zgodzi\u0107 si\u0119 na to, aby dane zosta\u0142y zapami\u0119tane i mog\u0142y by\u0107 bez powt\u00f3rnego wpisywania u\u017cywane przy nast\u0119pnych odwiedzinach na stronach serwisu internetowego.<br \/>W\u0142a\u015bciciele innych witryn nie b\u0119d\u0105 mieli dost\u0119pu do tych danych.<br \/>Je\u017celi nie zgadzasz si\u0119 na personalizowanie serwisu, proponujemy wy\u0142\u0105czenie obs\u0142ugi cookies w opcjach przegl\u0105darki internetowej.<\/p>\r\n","protected":false},"excerpt":{"rendered":"<p>Polityka prywatno\u015bci Polityka prywatno\u015bci &#8211; Klient biznesowy. Polityka prywatno\u015bci &#8211; [&hellip;]<\/p>\n","protected":false},"author":1,"featured_media":0,"parent":0,"menu_order":0,"comment_status":"closed","ping_status":"open","template":"","meta":{"footnotes":""},"class_list":["post-3","page","type-page","status-publish","hentry"],"_links":{"self":[{"href":"https:\/\/newsletter.elco.com.pl\/index.php\/wp-json\/wp\/v2\/pages\/3","targetHints":{"allow":["GET"]}}],"collection":[{"href":"https:\/\/newsletter.elco.com.pl\/index.php\/wp-json\/wp\/v2\/pages"}],"about":[{"href":"https:\/\/newsletter.elco.com.pl\/index.php\/wp-json\/wp\/v2\/types\/page"}],"author":[{"embeddable":true,"href":"https:\/\/newsletter.elco.com.pl\/index.php\/wp-json\/wp\/v2\/users\/1"}],"replies":[{"embeddable":true,"href":"https:\/\/newsletter.elco.com.pl\/index.php\/wp-json\/wp\/v2\/comments?post=3"}],"version-history":[{"count":5,"href":"https:\/\/newsletter.elco.com.pl\/index.php\/wp-json\/wp\/v2\/pages\/3\/revisions"}],"predecessor-version":[{"id":35,"href":"https:\/\/newsletter.elco.com.pl\/index.php\/wp-json\/wp\/v2\/pages\/3\/revisions\/35"}],"wp:attachment":[{"href":"https:\/\/newsletter.elco.com.pl\/index.php\/wp-json\/wp\/v2\/media?parent=3"}],"curies":[{"name":"wp","href":"https:\/\/api.w.org\/{rel}","templated":true}]}}